{"id":678,"date":"2018-05-24T15:36:35","date_gmt":"2018-05-24T13:36:35","guid":{"rendered":"http:\/\/www.jr-motopoint.de\/?page_id=678"},"modified":"2018-05-24T15:36:35","modified_gmt":"2018-05-24T13:36:35","slug":"datenschutzerklaerung","status":"publish","type":"page","link":"https:\/\/www.jr-motopoint.de\/?page_id=678","title":{"rendered":"Datenschutzerkl\u00e4rung"},"content":{"rendered":"<p>J&amp;R Motopoint<br \/>\nHerr Andreas J\u00e4nicke<\/p>\n<p>Auer Str. 2a<br \/>\n08294 L\u00f6\u00dfnitz<br \/>\nGermany<\/p>\n<p>Telefon: 0049 (0)3771\/5645858<br \/>\nE-Mail: info@jr-motopoint.de<br \/>\nHomepage:www.jr-motopoint.de<\/p>\n<p><strong>Datenschutz<\/strong><\/p>\n<p>Die Firma J&amp;R Motopoint&#8220; Betreiber dieser Seiten nehmen den Schutz Ihrer pers\u00f6nlichen Daten sehr ernst.<br \/>\nWir behandeln Ihre personenbezogenen Daten vertraulich und entsprechend der<br \/>\ngesetzlichen Datenschutzvorschriften sowie dieser Datenschutzerkl\u00e4rung.<br \/>\nDie Nutzung unserer Website ist in der Regel ohne Angabe personenbezogener Daten m\u00f6glich.<br \/>\nSoweit auf unseren Seiten personenbezogene Daten (beispielsweise Name, Anschrift oder E-Mail-Adressen)<br \/>\nerhoben werden, erfolgt dies, soweit m\u00f6glich, stets auf freiwilliger Basis.<br \/>\nDiese Daten werden ohne Ihre ausdr\u00fcckliche Zustimmung nicht an Dritte weitergegeben.<br \/>\nWir weisen darauf hin, dass die Daten\u00fcbertragung im Internet (z.B. bei der Kommunikation per E-Mail)<br \/>\nSicherheitsl\u00fccken aufweisen kann. Ein l\u00fcckenloser Schutz der Daten vor dem Zugriff durch Dritte ist nicht m\u00f6glich.<\/p>\n<p><strong>Server-Log-Files<\/strong><\/p>\n<p>Der Provider der Seiten erhebt und speichert automatisch Informationen in so genannten Server-Log<br \/>\nFiles, die Ihr Browser automatisch an uns \u00fcbermittelt.<br \/>\nDies sind:<br \/>\nBrowsertyp und Browserversion<br \/>\nverwendetes Betriebssystem<br \/>\nReferrer URL<br \/>\nHostname des zugreifenden Rechners<br \/>\nUhrzeit der Serveranfrage<br \/>\nDiese Daten sind nicht bestimmten Personen zuordenbar. Eine Zusammenf\u00fchrung dieser Daten mit anderen Datenquellen wird nicht vorgenommen.<br \/>\nWir behalten uns vor, diese Daten nachtr\u00e4glich zu pr\u00fcfen, wenn uns konkrete Anhaltspunkte f\u00fcr eine rechtswidrige Nutzung bekannt werden.<\/p>\n<p><strong>Cookies<\/strong><\/p>\n<p>Auf einigen unserer Seiten verwenden wir sog. &#8222;Session-Cookies&#8220;, um Ihnen die Nutzung unserer Webseiten zu erleichtern. Dabei handelt es sich um kleine Textdateien, die nur f\u00fcr die Dauer Ihres Besuchs unserer Webseite auf Ihrer Festplatte hinterlegt und abh\u00e4ngig von der Einstellung Ihres Browser-Programms beim Beenden des Browsers wieder gel\u00f6scht werden. Diese Cookies rufen keine auf Ihrer Festplatte \u00fcber Sie gespeicherten Informationen ab und beeintr\u00e4chtigen nicht Ihren PC oder ihre Dateien. Die meisten Browser sind so eingestellt, dass sie Cookies automatisch akzeptieren. Sie k\u00f6nnen das Speichern von Cookies jedoch deaktivieren oder ihren Browser so einstellen, dass er Sie auf die Sendung von Cookies hinweist.<\/p>\n<p><strong>Recht auf Auskunft, L\u00f6schung, Sperrung<\/strong><\/p>\n<p>Sie haben jederzeit das Recht auf unentgeltliche Auskunft \u00fcber Ihre gespeicherten personenbezogenen Daten, deren Herkunft und Empf\u00e4nger und den Zweck der Datenverarbeitung sowie ein Recht auf Berichtigung, Sperrung oder L\u00f6schung dieser Daten. Au\u00dferdem k\u00f6nnen Sie der Verarbeitung Ihrer personenbezogenen Daten widersprechen und uns auffordern, diese Daten im maschinenlesbarer Form an einen Dritten zu \u00fcbermitteln.<br \/>\nWir weisen darauf hin, dass Ihr Recht auf L\u00f6schung von Daten durch gesetzliche Aufbewahrungspflichten, die wir beachten m\u00fcssen, eingeschr\u00e4nkt sein kann.<\/p>\n<p><strong>E-Mails<\/strong><\/p>\n<p>Wenn Sie uns eine E-Mail senden, werden diese Daten bei uns gespeichert. Wir sind gesetzlich dazu verpflichtet, solche Gesch\u00e4ftsdokumente bis zu 10 Jahre zu archivieren. Wir sorgen daf\u00fcr, dass die Daten nach dem Stand der Technik vor der unberechtigten Kenntnisnahme Dritter gesichert sind. Bitte beachten Sie, dass unverschl\u00fcsselte E-Mails, die \u00fcber das Internet versendet werden, ggf. nicht hinreichend vor der unbefugten Kenntnisnahme durch Dritte gesch\u00fctzt sind.<\/p>\n<p><strong>Widerspruch Werbe-Mails<\/strong><\/p>\n<p>Der Nutzung von im Rahmen der Impressumspflicht ver\u00f6ffentlichten Kontaktdaten zur \u00dcbersendung von nicht ausdr\u00fccklich angeforderter Werbung und Informationsmaterialien wird hiermit widersprochen. Die Betreiber der Seiten behalten sich ausdr\u00fccklich rechtliche Schritte im Falle der unverlangten Zusendung von Werbeinformationen, etwa durch Spam-E-Mails, vor.<\/p>\n","protected":false},"excerpt":{"rendered":"<p>J&amp;R Motopoint Herr Andreas J\u00e4nicke Auer Str. 2a 08294 L\u00f6\u00dfnitz Germany Telefon: 0049 (0)3771\/5645858 E-Mail: info@jr-motopoint.de Homepage:www.jr-motopoint.de Datenschutz Die Firma J&amp;R Motopoint&#8220; Betreiber dieser Seiten nehmen den Schutz Ihrer pers\u00f6nlichen Daten sehr ernst. Wir behandeln Ihre personenbezogenen Daten vertraulich und entsprechend der gesetzlichen Datenschutzvorschriften sowie dieser Datenschutzerkl\u00e4rung. Die Nutzung unserer Website ist in der Regel [&hellip;]<\/p>\n","protected":false},"author":1,"featured_media":0,"parent":0,"menu_order":0,"comment_status":"closed","ping_status":"closed","template":"","meta":{"footnotes":""},"class_list":["post-678","page","type-page","status-publish","czr-hentry"],"_links":{"self":[{"href":"https:\/\/www.jr-motopoint.de\/index.php?rest_route=\/wp\/v2\/pages\/678","targetHints":{"allow":["GET"]}}],"collection":[{"href":"https:\/\/www.jr-motopoint.de\/index.php?rest_route=\/wp\/v2\/pages"}],"about":[{"href":"https:\/\/www.jr-motopoint.de\/index.php?rest_route=\/wp\/v2\/types\/page"}],"author":[{"embeddable":true,"href":"https:\/\/www.jr-motopoint.de\/index.php?rest_route=\/wp\/v2\/users\/1"}],"replies":[{"embeddable":true,"href":"https:\/\/www.jr-motopoint.de\/index.php?rest_route=%2Fwp%2Fv2%2Fcomments&post=678"}],"version-history":[{"count":2,"href":"https:\/\/www.jr-motopoint.de\/index.php?rest_route=\/wp\/v2\/pages\/678\/revisions"}],"predecessor-version":[{"id":680,"href":"https:\/\/www.jr-motopoint.de\/index.php?rest_route=\/wp\/v2\/pages\/678\/revisions\/680"}],"wp:attachment":[{"href":"https:\/\/www.jr-motopoint.de\/index.php?rest_route=%2Fwp%2Fv2%2Fmedia&parent=678"}],"curies":[{"name":"wp","href":"https:\/\/api.w.org\/{rel}","templated":true}]}}