{"id":21,"date":"2014-09-06T21:49:59","date_gmt":"2014-09-06T19:49:59","guid":{"rendered":"http:\/\/www.jr-motopoint.de\/wp\/?page_id=21"},"modified":"2018-11-01T09:16:51","modified_gmt":"2018-11-01T08:16:51","slug":"impressum","status":"publish","type":"page","link":"https:\/\/www.jr-motopoint.de\/?page_id=21","title":{"rendered":"Impressum"},"content":{"rendered":"<p><strong><a href=\"https:\/\/www.jr-motopoint.de\/wp-content\/uploads\/2014\/09\/Slightshow-Laden-Nacht.jpg\"><img loading=\"lazy\" decoding=\"async\" class=\"aligncenter size-medium wp-image-654\" src=\"https:\/\/www.jr-motopoint.de\/wp-content\/uploads\/2014\/09\/Slightshow-Laden-Nacht-300x225.jpg\" alt=\"\" width=\"300\" height=\"225\" srcset=\"https:\/\/www.jr-motopoint.de\/wp-content\/uploads\/2014\/09\/Slightshow-Laden-Nacht-300x225.jpg 300w, https:\/\/www.jr-motopoint.de\/wp-content\/uploads\/2014\/09\/Slightshow-Laden-Nacht-768x576.jpg 768w, https:\/\/www.jr-motopoint.de\/wp-content\/uploads\/2014\/09\/Slightshow-Laden-Nacht-1024x768.jpg 1024w\" sizes=\"auto, (max-width: 300px) 100vw, 300px\" \/><\/a>Name:<\/strong> J&amp;R motopoint<br \/>\n<strong>Firma:<\/strong> <span class=\"value firma valuename\">J&amp;R motopoint, Einzelunternehmen<\/span><br \/>\n<strong>Vertreter:<\/strong> <span class=\"value vertreter valuename\">Andreas J\u00e4nicke<\/span><br \/>\n<strong>Anschrift:<\/strong> <span class=\"value adress valueadress\">Auer Str. 2a<\/span><br \/>\n<strong>PLZ\/ Ort:<\/strong> <span class=\"value zip valuezip\">08294 L\u00f6\u00dfnitz<\/span><br \/>\n<strong>Telefon:<\/strong> <span class=\"value phone valuephone\">0049 (0)3771\/5645858<\/span><br \/>\n<strong>Fax:<\/strong> <span class=\"value fax valuefax\">0049 (0)3771\/5645859<\/span><br \/>\n<strong>E-Mail:<\/strong> <span class=\"value mail valuemail\"><a href=\"mailto:info@jr-motopoint.de\">info@jr-motopoint.de<\/a><\/span><br \/>\n<strong>Internet:<\/strong> <span class=\"value www valuewww\">www.jr-motopoint.de<\/span><br \/>\n<strong>UID:<\/strong> <span class=\"value uid valuename\">DE171185428<\/span><br \/>\n<strong>Gerichtsstand:<\/strong> Aue<\/p>\n<p>&nbsp;<\/p>\n<h2>Haftung f\u00fcr Inhalte<\/h2>\n<p><span class=\"value disclaimer valuename\">Obwohl wir uns um Aktualit\u00e4t, Vollst\u00e4ndigkeit und Richtigkeit der Inhalte unserer Seiten bem\u00fchen, k\u00f6nnen wir hierf\u00fcr keine Garantie \u00fcbernehmen. Als Dienste-Anbieter sind wir nach \u00a7 7 Absatz 1 TDG f\u00fcr eigene Inhalte auf unseren Seiten nach den allgemeinen Gesetzen verantwortlich. Es besteht jedoch keine Verpflichtung zur \u00dcberwachung \u00fcbermittelter oder gespeicherter fremder Informationen (\u00a7\u00a7 8-10 TDG). Sobald uns Rechtsverst\u00f6\u00dfe bekannt werden, werden wir die entsprechenden Inhalte umgehend entfernen. Eine dahingehende Haftung wird jedoch erst ab dem Zeitpunkt der Kenntnis konkreter Rechtsverletzungen \u00fcbernommen.<\/span><\/p>\n<h2>Haftung f\u00fcr Links<\/h2>\n<p><span class=\"value disclaimer valuename\">Unsere Seiten enthalten Links auf externe Webseiten Dritter, wir haben jedoch keinen Einfluss auf die Inhalte dieser verlinkten Webseiten. F\u00fcr die Richtigkeit der Inhalte ist immer der jeweilige Anbieter oder Betreiber verantwortlich, weshalb wir diesbez\u00fcglich keinerlei Gew\u00e4hr \u00fcbernehmen. Zum Zeitpunkt der Verlinkung wurden die fremden Webseiten auf m\u00f6gliche Rechtsverst\u00f6\u00dfe \u00fcberpr\u00fcft und keinerlei Rechtsverletzungen erkennbar. Eine st\u00e4ndige \u00dcberpr\u00fcfung s\u00e4mtlicher Inhalte der von uns verlinkten Seiten ohne tats\u00e4chliche Anhaltspunkte f\u00fcr einen Rechtsversto\u00df k\u00f6nnen wir nicht leisten. Falls uns Rechtsverletzungen bekannt werden, werden wir die entsprechenden Links sofort entfernen.<\/span><\/p>\n<h2>Urheberrecht<\/h2>\n<p><span class=\"value disclaimer valuename\">Die durch den Betreiber dieser Seite erstellten Inhalte und Werke auf diesen Webseiten unterliegen dem deutschen Urheberrecht. S\u00e4mtliche Beitr\u00e4ge Dritter sind als solche gekennzeichnet. Die Vervielf\u00e4ltigung, Bearbeitung, Verbreitung und jede Art der Verwertung au\u00dferhalb der Grenzen des Urheberrechts bed\u00fcrfen der schriftlichen Zustimmung des jeweiligen Autors bzw. Erstellers. Kopien von diesen Seiten sind nur f\u00fcr den privaten Bereich gestattet, jedoch nicht f\u00fcr kommerzielle Zwecke.<\/span><\/p>\n<h2>Datenschutz<\/h2>\n<p><span class=\"value disclaimer valuename\">Wir \u00fcbernehmen keine Gew\u00e4hr f\u00fcr die Sicherheit der Daten\u00fcbertragung im Internet, insbesonders bei der \u00dcbertragung von Daten per E-Mail. Im Falle der Erhebung personenbezogener Daten auf unseren Seiten erfolgt die Preisgabe dieser Daten seitens des Nutzers stets auf freiwilliger Basis. Die Inanspruchnahme und Bezahlung aller angebotenen Dienste ist auch ohne Angabe solcher Daten bzw. unter Angabe anonymisierter Daten oder eines Pseudonyms gestattet, soweit dies technisch m\u00f6glich und zumutbar ist. Einer Nutzung der im Impressum ver\u00f6ffentlichten Kontaktdaten durch Dritte zu Werbezwecken wird hiermit ausdr\u00fccklich widersprochen. Der Betreiber beh\u00e4lt sich f\u00fcr den Fall unverlangt zugesandter Werbe- oder Informationsmaterialien ausdr\u00fccklich rechtliche Schritte vor.<\/span><\/p>\n<h2>Rechtswirksamkeit dieses Haftungsausschlusses<\/h2>\n<p><span class=\"value disclaimer valuename\">Sollten einzelne Regelungen oder Formulierungen dieses Haftungsausschlusses unwirksam sein oder werden, bleiben die \u00fcbrigen Regelungen in ihrem Inhalt und ihrer G\u00fcltigkeit hiervon unber\u00fchrt.<\/span><\/p>\n<h4 class=\"agb\">AGB:<\/h4>\n<p><span class=\"value agb valuename\">\u00a0<\/span><\/p>\n<h2>Datenschutzerkl\u00e4rung<\/h2>\n<p><span class=\"value agb valuename\">Lieber Nutzer,<\/span><\/p>\n<p>wir nehmen den Schutz Ihrer personenbezogener Daten sehr ernst und m\u00f6chte Sie daher dar\u00fcber informieren, wie mit Ihren pers\u00f6nlichen Daten umgegangen wird, die Sie uns im Zuge der Nutzung unseres Angebotes \u00fcbermitteln.<\/p>\n<p>&nbsp;<\/p>\n<h2>Keine Datenspeicherung im Informationsteil des Angebots<\/h2>\n<p><span class=\"value agb valuename\"><br \/>\nWenn Sie nur den Informationsteil unseres Internet-Angebots nutzen, ben\u00f6tigen und speichern wir keine pers\u00f6nlichen Daten.<\/span><\/p>\n<p>&nbsp;<\/p>\n<h2>Hinweis auf Datenschutzerkl\u00e4rung<\/h2>\n<p><span class=\"value agb valuename\"><br \/>\nVor jeder Speicherung von pers\u00f6nlichen Daten, werden wir Sie auf diese Datenschutzerkl\u00e4rung hinweisen. Die Speicherung nehmen wir nur vor, wenn Sie dieser Datenschutzerkl\u00e4rung zugestimmt haben. Wir verarbeiten Ihre Daten mit \u00e4u\u00dferster Sorgfalt und nutzen sie ausschlie\u00dflich f\u00fcr die Vertragserf\u00fcllung und Ihre gesch\u00e4ftliche Information durch uns und unsere Gesch\u00e4ftspartner, an die wir Ihre Daten weiter geben.<\/span><\/p>\n<p>&nbsp;<\/p>\n<h2>Speicherung von pers\u00f6nlichen und sonstigen Daten<\/h2>\n<p><span class=\"value agb valuename\"><br \/>\nDie zur Auftragserteilung notwendigerweise auszuf\u00fcllenden Felder sind mit einem * gekennzeichnet. Es werden nur jene personenbezogenen Daten als verpflichtend markiert, die unerl\u00e4sslich f\u00fcr die Auftragserteilung sind. Die Eingabe weiterer Daten erfolgt auf freiwilliger Basis und wird f\u00fcr sie in den h\u00e4ufigsten F\u00e4llen vorteilhaft sein.<\/span><\/p>\n<p>&nbsp;<\/p>\n<h2>Cookies<\/h2>\n<p><span class=\"value agb valuename\"><br \/>\nTeilweise werden Cookies benutzt, um Ihnen die Nutzung unseres Angebotes zu erleichtern. Cookies sind kleine Informationsdateien, die von Ihrem Internet-Browser auf die Festplatte Ihres Computers gespeichert werden. Unsere Cookies enthalten keine personenbezogenen Daten. Die meisten Internet-Browser akzeptieren Cookies automatisch, k\u00f6nnen jedoch so eingestellt werden, dass sie Cookies ablehnen. Wenn Sie Probleme bei der Nutzung des Angebots haben, sollten Sie zun\u00e4chst die Sicherheitseinstellungen Ihres Browsers bez\u00fcglich der Behandlung von Cookies \u00fcberpr\u00fcfen und ihn so einstellen, dass er Cookies akzeptiert.<\/span><\/p>\n<p>&nbsp;<\/p>\n<h2>Wiederruf<\/h2>\n<p><span class=\"value agb valuename\"><br \/>\nSie k\u00f6nnen eine einmal erteilte Einwilligung zur Nutzung Ihrer Daten jederzeit schriftlich oder elektronisch widerrufen:<\/span><\/p>\n<p>J&amp;R Motopoint<br \/>\nAuer-Str. 2a<br \/>\n08294 L\u00f6\u00dfnitz<br \/>\nDeutschland<br \/>\nTel. : 0049 (0)3771\/5645858<br \/>\nFax. : 0049 (0)3771\/5645859<br \/>\nE-Mail: info@jr-motopoint.de<\/p>\n<p>Im Falle Ihres Widerrufs der Speicherung und der Verarbeitung Ihrer Daten k\u00f6nnen wir bestimmte Dienste wie z.B. die Zustellung des Newsletters nicht mehr erbringen.<\/p>\n<p>&nbsp;<\/p>\n<h2>Nutzungsauswertung mit Hilfe von Google Analytics<\/h2>\n<p><span class=\"value agb valuename\"><br \/>\nDiese Website benutzt Google Analytics, einen Webanalysedienst der Google Inc. (\u201cGoogle\u201d). Google Analytics verwendet sog. \u201cCookies\u201d, Textdateien, die auf Ihrem Computer gespeichert werden und die eine Analyse der Benutzung der Website durch Sie erm\u00f6glichen. Die durch den Cookie erzeugten Informationen \u00fcber Ihre Benutzung dieser Website werden in der Regel an einen Server von Google in den USA \u00fcbertragen und dort gespeichert. Im Falle der Aktivierung der IP-Anonymisierung auf dieser Webseite, wird Ihre IP-Adresse von Google jedoch innerhalb von Mitgliedstaaten der Europ\u00e4ischen Union oder in anderen Vertragsstaaten des Abkommens \u00fcber den Europ\u00e4ischen Wirtschaftsraum zuvor gek\u00fcrzt. Nur in Ausnahmef\u00e4llen wird die volle IP-Adresse an einen Server von Google in den USA \u00fcbertragen und dort gek\u00fcrzt. Im Auftrag des Betreibers dieser Website wird Google diese Informationen benutzen, um Ihre Nutzung der Website auszuwerten, um Reports \u00fcber die Websiteaktivit\u00e4ten zusammenzustellen und um weitere mit der Websitenutzung und der Internetnutzung verbundene Dienstleistungen gegen\u00fcber dem Websitebetreiber zu erbringen. Die im Rahmen von Google Analytics von Ihrem Browser \u00fcbermittelte IP-Adresse wird nicht mit anderen Daten von Google zusammengef\u00fchrt.<\/span><\/p>\n<p>Sie k\u00f6nnen die Speicherung der Cookies durch eine entsprechende Einstellung Ihrer Browser-Software verhindern; wir weisen Sie jedoch darauf hin, dass Sie in diesem Fall gegebenenfalls nicht s\u00e4mtliche Funktionen dieser Website vollumf\u00e4nglich werden nutzen k\u00f6nnen. Sie k\u00f6nnen dar\u00fcber hinaus die Erfassung der durch das Cookie erzeugten und auf Ihre Nutzung der Website bezogenen Daten (inkl. Ihrer IP-Adresse) an Google sowie die Verarbeitung dieser Daten durch Google, wie nachfolgend beschrieben, verhindern:<\/p>\n<p>&nbsp;<\/p>\n<h2>Widerspruchsm\u00f6glichkeit:<\/h2>\n<p><span class=\"value agb valuename\"><br \/>\nDer Datenerhebung und -speicherung durch Google Analytics kann jederzeit mit Wirkung f\u00fcr die Zukunft widersprochen werden. Sie haben dazu die M\u00f6glichkeit, ein von Google herausgegebenes Browser-Plugin zu installieren. Dieses steht f\u00fcr verschiedene Browser-Versionen zur Verf\u00fcgung und kann unter <a href=\"https:\/\/tools.google.com\/dlpage\/gaoptout?hl=de\" target=\"_blank\">https:\/\/tools.google.com\/dlpage\/gaoptout?hl=de<\/a> heruntergeladen werden.<\/span><\/p>\n<p>&nbsp;<\/p>\n<h2>Verwendung von Facebook Social Plugins<\/h2>\n<p><span class=\"value agb valuename\"><br \/>\nUnser Internetauftritt verwendet Social Plugins (&#8222;Plugins&#8220;) des sozialen Netzwerkes facebook.com, welches von der Facebook Inc., 1601 S. California Ave, Palo Alto, CA 94304, USA betrieben wird (&#8222;Facebook&#8220;). Die Plugins sind mit einem Facebook Logo oder dem Zusatz &#8222;Facebook Social Plugin&#8220; gekennzeichnet.<br \/>\nWenn Sie eine Webseite unseres Internetauftritts aufrufen, die ein solches Plugin enth\u00e4lt, baut Ihr Browser eine direkte Verbindung mit den Servern von Facebook auf. Der Inhalt des Plugins wird von Facebook direkt an Ihren Browser \u00fcbermittelt und von diesem in die Webseite eingebunden.<br \/>\nDurch die Einbindung der Plugins erh\u00e4lt Facebook die Information, dass Sie die entsprechende Seite unseres Internetauftritts aufgerufen haben. Sind Sie bei Facebook eingeloggt kann Facebook den Besuch Ihrem Facebook-Konto zuordnen. Wenn Sie mit den Plugins interagieren, zum Beispiel den &#8222;Gef\u00e4llt mir&#8220; Button bet\u00e4tigen oder einen Kommentar abgeben, wird die entsprechende Information von Ihrem Browser direkt an Facebook \u00fcbermittelt und dort gespeichert.<br \/>\nZweck und Umfang der Datenerhebung und die weitere Verarbeitung und Nutzung der Daten durch Facebook sowie Ihre diesbez\u00fcglichen Rechte und Einstellungsm\u00f6glichkeiten zum Schutz Ihrer Privatssph\u00e4re entnehmen Sie bitte den Datenschutzhinweisen von Facebook. (<a href=\"https:\/\/www.facebook.com\/policy.php\" target=\"_blank\">https:\/\/www.facebook.com\/policy.php<\/a>) Wenn Sie nicht m\u00f6chten, dass Facebook \u00fcber unseren Internetauftritt Daten \u00fcber Sie sammelt, m\u00fcssen Sie sich vor Ihrem Besuch unseres Internetauftritts bei Facebook ausloggen.<\/span><\/p>\n","protected":false},"excerpt":{"rendered":"<p>Name: J&amp;R motopoint Firma: J&amp;R motopoint, Einzelunternehmen Vertreter: Andreas J\u00e4nicke Anschrift: Auer Str. 2a PLZ\/ Ort: 08294 L\u00f6\u00dfnitz Telefon: 0049 (0)3771\/5645858 Fax: 0049 (0)3771\/5645859 E-Mail: info@jr-motopoint.de Internet: www.jr-motopoint.de UID: DE171185428 Gerichtsstand: Aue &nbsp; Haftung f\u00fcr Inhalte Obwohl wir uns um Aktualit\u00e4t, Vollst\u00e4ndigkeit und Richtigkeit der Inhalte unserer Seiten bem\u00fchen, k\u00f6nnen wir hierf\u00fcr keine Garantie \u00fcbernehmen. [&hellip;]<\/p>\n","protected":false},"author":1,"featured_media":0,"parent":0,"menu_order":0,"comment_status":"open","ping_status":"open","template":"","meta":{"footnotes":""},"class_list":["post-21","page","type-page","status-publish","czr-hentry"],"_links":{"self":[{"href":"https:\/\/www.jr-motopoint.de\/index.php?rest_route=\/wp\/v2\/pages\/21","targetHints":{"allow":["GET"]}}],"collection":[{"href":"https:\/\/www.jr-motopoint.de\/index.php?rest_route=\/wp\/v2\/pages"}],"about":[{"href":"https:\/\/www.jr-motopoint.de\/index.php?rest_route=\/wp\/v2\/types\/page"}],"author":[{"embeddable":true,"href":"https:\/\/www.jr-motopoint.de\/index.php?rest_route=\/wp\/v2\/users\/1"}],"replies":[{"embeddable":true,"href":"https:\/\/www.jr-motopoint.de\/index.php?rest_route=%2Fwp%2Fv2%2Fcomments&post=21"}],"version-history":[{"count":8,"href":"https:\/\/www.jr-motopoint.de\/index.php?rest_route=\/wp\/v2\/pages\/21\/revisions"}],"predecessor-version":[{"id":690,"href":"https:\/\/www.jr-motopoint.de\/index.php?rest_route=\/wp\/v2\/pages\/21\/revisions\/690"}],"wp:attachment":[{"href":"https:\/\/www.jr-motopoint.de\/index.php?rest_route=%2Fwp%2Fv2%2Fmedia&parent=21"}],"curies":[{"name":"wp","href":"https:\/\/api.w.org\/{rel}","templated":true}]}}