{"id":15,"date":"2014-09-06T21:40:32","date_gmt":"2014-09-06T19:40:32","guid":{"rendered":"http:\/\/www.jr-motopoint.de\/wp\/?page_id=15"},"modified":"2017-04-01T11:40:30","modified_gmt":"2017-04-01T09:40:30","slug":"unternehmen","status":"publish","type":"page","link":"https:\/\/www.jr-motopoint.de\/?page_id=15","title":{"rendered":"Unternehmen"},"content":{"rendered":"<p>Wir sind DUCATI-Vertragsh\u00e4ndler seit 1997.<\/p>\n<p>Auf \u00fcber 300 qm Ausstellungsfl\u00e4che bieten wir alle Ducati Modelle sowie die dazu passende Ducati- Freizeitbekleidung und Accessoires an.<\/p>\n<p>Besonderes Augenmerk legen wir auch auf den Verkauf von Ducati-Gebrauchtmotorr\u00e4dern: Bei uns gibt es nur \u00fcberpr\u00fcfte, technisch einwandfreie Fahrzeuge, die auch optisch in gutem Zustand sind und ein solides Preis-Leistungsverh\u00e4ltnis bieten. Probefahren und Anschauen lohnt sich!<\/p>\n<p>Wir sind spezialisiert daf\u00fcr, individuelle und einzigartige Ducati-Umbauten nach Kundenwunsch auszuf\u00fchren. Damit deine Ducati unverwechselbar wird!<\/p>\n<p>Einige Beispiele sind in unserer <a title=\"Kundengalerie\" href=\"http:\/\/www.jr-motopoint.de\/?page_id=145\">Kundengalerie <\/a>aufgef\u00fchrt.<\/p>\n<p>Ersatzteil- und Reifendienst sowie die vielf\u00e4ltigen Leistungen unserer meistergef\u00fchrten Vertragswerkstatt runden unser Service-Angebot ab.<\/p>\n<p>Auch Besitzer einer Ducati Desmosedici sind bei uns bestens aufgehoben. Wir sind Authorisierter D16RR Partner.<\/p>\n","protected":false},"excerpt":{"rendered":"<p>Wir sind DUCATI-Vertragsh\u00e4ndler seit 1997. Auf \u00fcber 300 qm Ausstellungsfl\u00e4che bieten wir alle Ducati Modelle sowie die dazu passende Ducati- Freizeitbekleidung und Accessoires an. Besonderes Augenmerk legen wir auch auf den Verkauf von Ducati-Gebrauchtmotorr\u00e4dern: Bei uns gibt es nur \u00fcberpr\u00fcfte, technisch einwandfreie Fahrzeuge, die auch optisch in gutem Zustand sind und ein solides Preis-Leistungsverh\u00e4ltnis bieten. [&hellip;]<\/p>\n","protected":false},"author":1,"featured_media":0,"parent":0,"menu_order":0,"comment_status":"open","ping_status":"open","template":"","meta":{"footnotes":""},"class_list":["post-15","page","type-page","status-publish","czr-hentry"],"_links":{"self":[{"href":"https:\/\/www.jr-motopoint.de\/index.php?rest_route=\/wp\/v2\/pages\/15","targetHints":{"allow":["GET"]}}],"collection":[{"href":"https:\/\/www.jr-motopoint.de\/index.php?rest_route=\/wp\/v2\/pages"}],"about":[{"href":"https:\/\/www.jr-motopoint.de\/index.php?rest_route=\/wp\/v2\/types\/page"}],"author":[{"embeddable":true,"href":"https:\/\/www.jr-motopoint.de\/index.php?rest_route=\/wp\/v2\/users\/1"}],"replies":[{"embeddable":true,"href":"https:\/\/www.jr-motopoint.de\/index.php?rest_route=%2Fwp%2Fv2%2Fcomments&post=15"}],"version-history":[{"count":12,"href":"https:\/\/www.jr-motopoint.de\/index.php?rest_route=\/wp\/v2\/pages\/15\/revisions"}],"predecessor-version":[{"id":576,"href":"https:\/\/www.jr-motopoint.de\/index.php?rest_route=\/wp\/v2\/pages\/15\/revisions\/576"}],"wp:attachment":[{"href":"https:\/\/www.jr-motopoint.de\/index.php?rest_route=%2Fwp%2Fv2%2Fmedia&parent=15"}],"curies":[{"name":"wp","href":"https:\/\/api.w.org\/{rel}","templated":true}]}}